{"id":261618,"date":"2022-11-15T13:22:22","date_gmt":"2022-11-15T12:22:22","guid":{"rendered":"https:\/\/staging.en-nest.de\/codigo-de-conducta\/"},"modified":"2023-05-02T12:30:43","modified_gmt":"2023-05-02T10:30:43","slug":"codigo-de-conducta","status":"publish","type":"page","link":"https:\/\/staging.en-nest.de\/es\/codigo-de-conducta\/","title":{"rendered":"C\u00f3digo de conducta\u00a0"},"content":{"rendered":"\t\t<div data-elementor-type=\"wp-page\" data-elementor-id=\"261618\" class=\"elementor elementor-261618 elementor-102196\" data-elementor-post-type=\"page\">\n\t\t\t\t\t\t<section class=\"elementor-section elementor-top-section elementor-element elementor-element-850e3ed elementor-section-full_width elementor-section-height-default elementor-section-height-default\" data-id=\"850e3ed\" data-element_type=\"section\">\n\t\t\t\t\t\t<div class=\"elementor-container elementor-column-gap-default\">\n\t\t\t\t\t<div class=\"elementor-column elementor-col-100 elementor-top-column elementor-element elementor-element-aec3168\" data-id=\"aec3168\" data-element_type=\"column\">\n\t\t\t<div class=\"elementor-widget-wrap elementor-element-populated\">\n\t\t\t\t\t\t<div class=\"elementor-element elementor-element-5c8afd5 elementor-widget elementor-widget-spacer\" data-id=\"5c8afd5\" data-element_type=\"widget\" data-widget_type=\"spacer.default\">\n\t\t\t\t<div class=\"elementor-widget-container\">\n\t\t\t\t\t<div class=\"elementor-spacer\">\n\t\t\t<div class=\"elementor-spacer-inner\"><\/div>\n\t\t<\/div>\n\t\t\t\t<\/div>\n\t\t\t\t<\/div>\n\t\t\t\t<div class=\"elementor-element elementor-element-4a394f2 elementor-widget elementor-widget-heading\" data-id=\"4a394f2\" data-element_type=\"widget\" data-settings=\"{&quot;motion_fx_motion_fx_mouse&quot;:&quot;yes&quot;,&quot;_animation&quot;:&quot;none&quot;}\" data-widget_type=\"heading.default\">\n\t\t\t\t<div class=\"elementor-widget-container\">\n\t\t\t<h1 class=\"elementor-heading-title elementor-size-default\">C\u00f3digo de conducta<\/h1>\t\t<\/div>\n\t\t\t\t<\/div>\n\t\t\t\t<div class=\"elementor-element elementor-element-d6ecc68 elementor-widget elementor-widget-spacer\" data-id=\"d6ecc68\" data-element_type=\"widget\" data-widget_type=\"spacer.default\">\n\t\t\t\t<div class=\"elementor-widget-container\">\n\t\t\t\t\t<div class=\"elementor-spacer\">\n\t\t\t<div class=\"elementor-spacer-inner\"><\/div>\n\t\t<\/div>\n\t\t\t\t<\/div>\n\t\t\t\t<\/div>\n\t\t\t\t\t<\/div>\n\t\t<\/div>\n\t\t\t\t\t<\/div>\n\t\t<\/section>\n\t\t\t\t<section class=\"elementor-section elementor-top-section elementor-element elementor-element-eb793ec elementor-section-boxed elementor-section-height-default elementor-section-height-default\" data-id=\"eb793ec\" data-element_type=\"section\">\n\t\t\t\t\t\t<div class=\"elementor-container elementor-column-gap-default\">\n\t\t\t\t\t<div class=\"elementor-column elementor-col-100 elementor-top-column elementor-element elementor-element-e418bc5\" data-id=\"e418bc5\" data-element_type=\"column\">\n\t\t\t<div class=\"elementor-widget-wrap\">\n\t\t\t\t\t\t\t<\/div>\n\t\t<\/div>\n\t\t\t\t\t<\/div>\n\t\t<\/section>\n\t\t\t\t<section class=\"elementor-section elementor-top-section elementor-element elementor-element-13d0c12 elementor-section-boxed elementor-section-height-default elementor-section-height-default\" data-id=\"13d0c12\" data-element_type=\"section\">\n\t\t\t\t\t\t<div class=\"elementor-container elementor-column-gap-no\">\n\t\t\t\t\t<div class=\"elementor-column elementor-col-25 elementor-top-column elementor-element elementor-element-b904292\" data-id=\"b904292\" data-element_type=\"column\">\n\t\t\t<div class=\"elementor-widget-wrap\">\n\t\t\t\t\t\t\t<\/div>\n\t\t<\/div>\n\t\t\t\t<div class=\"elementor-column elementor-col-50 elementor-top-column elementor-element elementor-element-500c9ae\" data-id=\"500c9ae\" data-element_type=\"column\">\n\t\t\t<div class=\"elementor-widget-wrap elementor-element-populated\">\n\t\t\t\t\t\t<div class=\"elementor-element elementor-element-4128abe elementor-widget elementor-widget-text-editor\" data-id=\"4128abe\" data-element_type=\"widget\" data-widget_type=\"text-editor.default\">\n\t\t\t\t<div class=\"elementor-widget-container\">\n\t\t\t\t\t\t\t<p>Este C\u00f3digo de Conducta est\u00e1 basado en los derechos humanos reconocidos internacionalmente y en los principios de negocios justos y sustentabilidad. Define nuestras pr\u00e1cticas comerciales est\u00e1ndar, y exigimos el compromiso de nuestros empleados y gerentes, as\u00ed como de nuestros socios comerciales y proveedores, para con estas pr\u00e1cticas.<a href=\"#ref1\"><sup>1<\/sup><\/a><\/p>\n\t\t\t\t\t\t<\/div>\n\t\t\t\t<\/div>\n\t\t\t\t<div class=\"elementor-element elementor-element-27f0b85 elementor-widget elementor-widget-spacer\" data-id=\"27f0b85\" data-element_type=\"widget\" data-widget_type=\"spacer.default\">\n\t\t\t\t<div class=\"elementor-widget-container\">\n\t\t\t\t\t<div class=\"elementor-spacer\">\n\t\t\t<div class=\"elementor-spacer-inner\"><\/div>\n\t\t<\/div>\n\t\t\t\t<\/div>\n\t\t\t\t<\/div>\n\t\t\t\t<div class=\"elementor-element elementor-element-13a28ab elementor-widget elementor-widget-text-editor\" data-id=\"13a28ab\" data-element_type=\"widget\" data-widget_type=\"text-editor.default\">\n\t\t\t\t<div class=\"elementor-widget-container\">\n\t\t\t\t\t\t\t<p>Por ello, facilitaremos nuestro C\u00f3digo de Conducta a nuevos socios comerciales y proveedores y se exigir\u00e1 su aceptaci\u00f3n como parte de la relaci\u00f3n comercial. Los socios comerciales y proveedores mencionados tambi\u00e9n deber\u00e1n transmitir nuestro C\u00f3digo de Conducta a sus principales proveedores en el marco de nuestros proyectos y, en caso de que detecten alguna infracci\u00f3n de nuestro C\u00f3digo de Conducta, deben comunic\u00e1rnoslo para garantizar la implementaci\u00f3n de este C\u00f3digo de Conducta. de manera responsable.<\/p>\n<p>\u00a0<\/p>\n<p>Cualquier mala conducta o vulneraci\u00f3n de los principios de este C\u00f3digo de Conducta puede ser denunciada de forma an\u00f3nima a trav\u00e9s de <a href=\"mailto:compliance@staging.en-nest.de\">compliance@staging.en-nest.de<\/a>. Este canal de comunicaci\u00f3n tambi\u00e9n podr\u00e1 ser utilizado para consultas en caso de dudas sobre posibles infracciones o incumplimientos.<\/p>\n<p>\u00a0<\/p>\n<p>El C\u00f3digo de Conducta se revisa peri\u00f3dicamente, en funci\u00f3n de los aportes del equipo directivo. La ejecuci\u00f3n de este C\u00f3digo de Conducta ser\u00e1 observada y monitoreada por nuestro Responsable de Cumplimiento. La capacitaci\u00f3n sobre este C\u00f3digo de Conducta forma parte del proceso de iniciaci\u00f3n para todos los empleados nuevos, y se ofrecer\u00e1 capacitaci\u00f3n regular al menos una vez al a\u00f1o.<\/p>\n<p>\u00a0<\/p>\n<p>Asimismo, esperamos que nuestros socios comerciales cuenten con los mecanismos de debida diligencia correspondientes para asegurar que su personal cumpla con los principios de este C\u00f3digo de Conducta.<\/p>\n\t\t\t\t\t\t<\/div>\n\t\t\t\t<\/div>\n\t\t\t\t<div class=\"elementor-element elementor-element-b5f31b2 elementor-widget elementor-widget-spacer\" data-id=\"b5f31b2\" data-element_type=\"widget\" data-widget_type=\"spacer.default\">\n\t\t\t\t<div class=\"elementor-widget-container\">\n\t\t\t\t\t<div class=\"elementor-spacer\">\n\t\t\t<div class=\"elementor-spacer-inner\"><\/div>\n\t\t<\/div>\n\t\t\t\t<\/div>\n\t\t\t\t<\/div>\n\t\t\t\t<div class=\"elementor-element elementor-element-3e34f30 elementor-widget elementor-widget-text-editor\" data-id=\"3e34f30\" data-element_type=\"widget\" data-widget_type=\"text-editor.default\">\n\t\t\t\t<div class=\"elementor-widget-container\">\n\t\t\t\t\t\t\t<h2><strong>1. Derechos humanos<\/strong><\/h2>\n<p>En general, se observar\u00e1n y seguir\u00e1n los Principios Rectores de las Naciones Unidas sobre las empresas y los derechos humanos.<\/p>\n<h3>1.1 Trabajo infantil<\/h3>\n<p>No contratamos a ninguna persona menor de 16 a\u00f1os y nos aseguramos de que el trabajo realizado por j\u00f3venes profesionales no interfiera con sus necesidades de escolarizaci\u00f3n.<\/p>\n<h3>1.2 Abuso y acoso<\/h3>\n<p>Los empleados ser\u00e1n tratados con respeto en el lugar de trabajo. Cualquier acoso f\u00edsico, sexual, verbal o psicol\u00f3gico o cualquier otro tipo de acoso queda estrictamente prohibido y ser\u00e1 sancionado disciplinariamente por el empleador.<\/p>\n<h3>1.3 Discriminaci\u00f3n<\/h3>\n<p>Promovemos la diversidad dentro de nuestras organizaciones, otorgando igualdad de condiciones y oportunidades de trabajo a nuestros empleados sin importar su raza, g\u00e9nero, edad, religi\u00f3n, orientaci\u00f3n sexual o cualquier otra condici\u00f3n.<\/p>\n<h3>1.4 Condiciones laborales<\/h3>\n<p>Todo empleo ilegal est\u00e1 estrictamente prohibido. Respetamos todas las leyes, normas y reglamentos aplicables en los diferentes pa\u00edses en los que operamos. A todos los empleados se les proporcionar\u00e1n acuerdos de empleo por escrito que describan sus condiciones de trabajo. En particular, se les conceder\u00e1 una remuneraci\u00f3n justa por su tipo de trabajo, as\u00ed como descansos de acuerdo con los est\u00e1ndares de la industria y los convenios colectivos.<\/p>\n<h3>1.5 Salud y seguridad<\/h3>\n<p>Se debe proporcionar un lugar de trabajo seguro y saludable al personal de acuerdo con los est\u00e1ndares internacionales. M\u00e1s detalladamente, los trabajadores manuales deben recibir equipo de protecci\u00f3n personal certificado en el desempe\u00f1o de su trabajo y tener acceso a capacitaci\u00f3n regular en temas de seguridad relevantes como materiales peligrosos, trabajos en caliente o espacios confinados. Se dispondr\u00e1 de protocolos de notificaci\u00f3n en caso de accidente o lesi\u00f3n laboral, as\u00ed como planes de prevenci\u00f3n asociados que identifiquen los principales peligros y riesgos en el lugar de trabajo.<\/p>\n<h2><strong>2. Pr\u00e1ctica empresarial leg\u00edtima<\/strong><\/h2>\n<h3>2.1 Soborno y corrupci\u00f3n<\/h3>\n<p>Cumplimos con los m\u00e1s altos est\u00e1ndares de \u00e9tica empresarial y evitamos cualquier forma de sobornos o pagos de facilitaci\u00f3n con el fin de influir u obtener negocios no \u00e9ticos. En concreto, todos los acuerdos comerciales deber\u00e1n estar debidamente documentados, as\u00ed como las tarifas aplicables, que deber\u00e1n ser proporcionales al tipo de servicios que se prestar\u00e1n.<\/p>\n<h3>2.2 Obsequios comerciales<\/h3>\n<p>En general, preferimos que nuestros empleados no reciban atenciones u obsequios de socios comerciales. En cualquier caso, el valor de dichos obsequios deber\u00e1 ser razonable y adecuado a las circunstancias individuales para que no creen ning\u00fan conflicto de intereses. Los obsequios se entregar\u00e1n siempre en la direcci\u00f3n de la oficina del destinatario.<\/p>\n<h3>2.3 Libre competencia<\/h3>\n<p>Promovemos la libre competencia en el mercado con el fin de asegurar los m\u00e1s altos est\u00e1ndares de calidad en los servicios ofrecidos a nuestros clientes. En este sentido, prohibimos estrictamente cualquier pr\u00e1ctica anticompetitiva por parte de los proveedores, como fijar precios, limitar la producci\u00f3n o restringir el suministro de cualquier bien o servicio.<\/p>\n<h2><strong>3. Medioambiente<\/strong><\/h2>\n<p>Como parte de nuestra misi\u00f3n de descarbonizar las actividades industriales, estamos totalmente comprometidos a reducir el impacto de las operaciones comerciales en el medioambiente, especialmente en relaci\u00f3n con la contaminaci\u00f3n del aire, los residuos y la contaminaci\u00f3n del agua. Por tanto, implementamos principios de sostenibilidad dentro de nuestras cadenas de suministro para hacer un uso eficiente de los recursos naturales y minimizar nuestra huella de CO<sub>2<\/sub>.<\/p>\n<p>Igualmente, esperamos que nuestros socios comerciales implementen principios de sostenibilidad dentro de su \u00e1rea de negocio y que cuenten con mecanismos de informaci\u00f3n que demuestren su ambici\u00f3n de abordar el cambio clim\u00e1tico.<\/p>\n\t\t\t\t\t\t<\/div>\n\t\t\t\t<\/div>\n\t\t\t\t<div class=\"elementor-element elementor-element-071e3b8 elementor-widget elementor-widget-spacer\" data-id=\"071e3b8\" data-element_type=\"widget\" data-widget_type=\"spacer.default\">\n\t\t\t\t<div class=\"elementor-widget-container\">\n\t\t\t\t\t<div class=\"elementor-spacer\">\n\t\t\t<div class=\"elementor-spacer-inner\"><\/div>\n\t\t<\/div>\n\t\t\t\t<\/div>\n\t\t\t\t<\/div>\n\t\t\t\t<div class=\"elementor-element elementor-element-7034fd8 elementor-widget elementor-widget-text-editor\" data-id=\"7034fd8\" data-element_type=\"widget\" data-widget_type=\"text-editor.default\">\n\t\t\t\t<div class=\"elementor-widget-container\">\n\t\t\t\t\t\t\t<div id=\"ref1\">\u00a0<\/div>\n<p><sup>1<\/sup> Reconocemos nuestra responsabilidad particular de asegurar que todos los empleados de ENERGYNEST act\u00faen de acuerdo con los valores corporativos antes mencionados. Por tanto, adem\u00e1s de este C\u00f3digo de Conducta, existen m\u00faltiples pol\u00edticas que definen con mayor detalle las responsabilidades de los empleados de ENERGYNEST en relaci\u00f3n con dichos valores corporativos.<\/p>\n\t\t\t\t\t\t<\/div>\n\t\t\t\t<\/div>\n\t\t\t\t<div class=\"elementor-element elementor-element-f8e230f elementor-widget elementor-widget-spacer\" data-id=\"f8e230f\" data-element_type=\"widget\" data-widget_type=\"spacer.default\">\n\t\t\t\t<div class=\"elementor-widget-container\">\n\t\t\t\t\t<div class=\"elementor-spacer\">\n\t\t\t<div class=\"elementor-spacer-inner\"><\/div>\n\t\t<\/div>\n\t\t\t\t<\/div>\n\t\t\t\t<\/div>\n\t\t\t\t\t<\/div>\n\t\t<\/div>\n\t\t\t\t<div class=\"elementor-column elementor-col-25 elementor-top-column elementor-element elementor-element-02db17e\" data-id=\"02db17e\" data-element_type=\"column\">\n\t\t\t<div class=\"elementor-widget-wrap\">\n\t\t\t\t\t\t\t<\/div>\n\t\t<\/div>\n\t\t\t\t\t<\/div>\n\t\t<\/section>\n\t\t\t\t<section class=\"elementor-section elementor-top-section elementor-element elementor-element-0784ae6 elementor-section-boxed elementor-section-height-default elementor-section-height-default\" data-id=\"0784ae6\" data-element_type=\"section\">\n\t\t\t\t\t\t<div class=\"elementor-container elementor-column-gap-default\">\n\t\t\t\t\t<div class=\"elementor-column elementor-col-100 elementor-top-column elementor-element elementor-element-327ac7f\" data-id=\"327ac7f\" data-element_type=\"column\">\n\t\t\t<div class=\"elementor-widget-wrap\">\n\t\t\t\t\t\t\t<\/div>\n\t\t<\/div>\n\t\t\t\t\t<\/div>\n\t\t<\/section>\n\t\t\t\t<\/div>\n\t\t","protected":false},"excerpt":{"rendered":"<p>C\u00f3digo de conducta Este C\u00f3digo de Conducta est\u00e1 basado en los derechos humanos reconocidos internacionalmente y en los principios de negocios justos y sustentabilidad. Define nuestras pr\u00e1cticas comerciales est\u00e1ndar, y exigimos el compromiso de nuestros empleados y gerentes, as\u00ed como de nuestros socios comerciales y proveedores, para con estas pr\u00e1cticas.1 Por ello, facilitaremos nuestro C\u00f3digo [&hellip;]<\/p>\n","protected":false},"author":1,"featured_media":0,"parent":0,"menu_order":0,"comment_status":"closed","ping_status":"closed","template":"","meta":{"_acf_changed":false,"_vp_format_video_url":"","_vp_image_focal_point":[],"footnotes":""},"class_list":["post-261618","page","type-page","status-publish","hentry"],"acf":[],"yoast_head":"<!-- This site is optimized with the Yoast SEO Premium plugin v22.4 (Yoast SEO v25.9) - https:\/\/yoast.com\/wordpress\/plugins\/seo\/ -->\n<title>C\u00f3digo de conducta\u00a0 - ENERGYNEST<\/title>\n<meta name=\"description\" content=\"Este C\u00f3digo de Conducta est\u00e1 basado en los derechos humanos reconocidos internacionalmente y en los principios de sostenibilidad y negocios justos.\" \/>\n<meta name=\"robots\" content=\"noindex, follow, max-snippet:-1, max-image-preview:large, max-video-preview:-1\" \/>\n<meta property=\"og:locale\" content=\"es_ES\" \/>\n<meta property=\"og:type\" content=\"article\" \/>\n<meta property=\"og:title\" content=\"C\u00f3digo de conducta\u00a0 - ENERGYNEST\" \/>\n<meta property=\"og:description\" content=\"Este C\u00f3digo de Conducta est\u00e1 basado en los derechos humanos reconocidos internacionalmente y en los principios de sostenibilidad y negocios justos.\" \/>\n<meta property=\"og:url\" content=\"https:\/\/staging.en-nest.de\/es\/codigo-de-conducta\/\" \/>\n<meta property=\"og:site_name\" content=\"ENERGYNEST\" \/>\n<meta property=\"article:modified_time\" content=\"2023-05-02T10:30:43+00:00\" \/>\n<meta property=\"og:image\" content=\"https:\/\/staging.en-nest.de\/wp-content\/uploads\/2022\/07\/social-media-energynest.jpg\" \/>\n\t<meta property=\"og:image:width\" content=\"400\" \/>\n\t<meta property=\"og:image:height\" content=\"400\" \/>\n\t<meta property=\"og:image:type\" content=\"image\/jpeg\" \/>\n<meta name=\"twitter:card\" content=\"summary_large_image\" \/>\n<meta name=\"twitter:description\" content=\"Este C\u00f3digo de Conducta est\u00e1 basado en los derechos humanos reconocidos internacionalmente y en los principios de sostenibilidad y negocios justos.\" \/>\n<meta name=\"twitter:site\" content=\"@energy_nest\" \/>\n<meta name=\"twitter:label1\" content=\"Tiempo de lectura\" \/>\n\t<meta name=\"twitter:data1\" content=\"5 minutos\" \/>\n<script type=\"application\/ld+json\" class=\"yoast-schema-graph\">{\"@context\":\"https:\/\/schema.org\",\"@graph\":[{\"@type\":\"WebPage\",\"@id\":\"https:\/\/staging.en-nest.de\/es\/codigo-de-conducta\/\",\"url\":\"https:\/\/staging.en-nest.de\/es\/codigo-de-conducta\/\",\"name\":\"C\u00f3digo de conducta\u00a0 - ENERGYNEST\",\"isPartOf\":{\"@id\":\"https:\/\/staging.en-nest.de\/es\/#website\"},\"datePublished\":\"2022-11-15T12:22:22+00:00\",\"dateModified\":\"2023-05-02T10:30:43+00:00\",\"description\":\"Este C\u00f3digo de Conducta est\u00e1 basado en los derechos humanos reconocidos internacionalmente y en los principios de sostenibilidad y negocios justos.\",\"breadcrumb\":{\"@id\":\"https:\/\/staging.en-nest.de\/es\/codigo-de-conducta\/#breadcrumb\"},\"inLanguage\":\"es\",\"potentialAction\":[{\"@type\":\"ReadAction\",\"target\":[\"https:\/\/staging.en-nest.de\/es\/codigo-de-conducta\/\"]}]},{\"@type\":\"BreadcrumbList\",\"@id\":\"https:\/\/staging.en-nest.de\/es\/codigo-de-conducta\/#breadcrumb\",\"itemListElement\":[{\"@type\":\"ListItem\",\"position\":1,\"name\":\"Home\",\"item\":\"https:\/\/staging.en-nest.de\/es\/\"},{\"@type\":\"ListItem\",\"position\":2,\"name\":\"C\u00f3digo de conducta\u00a0\"}]},{\"@type\":\"WebSite\",\"@id\":\"https:\/\/staging.en-nest.de\/es\/#website\",\"url\":\"https:\/\/staging.en-nest.de\/es\/\",\"name\":\"ENERGYNEST\",\"description\":\"Decarbonize industrial heat with thermal storage\",\"publisher\":{\"@id\":\"https:\/\/staging.en-nest.de\/es\/#organization\"},\"potentialAction\":[{\"@type\":\"SearchAction\",\"target\":{\"@type\":\"EntryPoint\",\"urlTemplate\":\"https:\/\/staging.en-nest.de\/es\/?s={search_term_string}\"},\"query-input\":{\"@type\":\"PropertyValueSpecification\",\"valueRequired\":true,\"valueName\":\"search_term_string\"}}],\"inLanguage\":\"es\"},{\"@type\":\"Organization\",\"@id\":\"https:\/\/staging.en-nest.de\/es\/#organization\",\"name\":\"ENERGYNEST AS\",\"alternateName\":\"ENERGYNEST\",\"url\":\"https:\/\/staging.en-nest.de\/es\/\",\"logo\":{\"@type\":\"ImageObject\",\"inLanguage\":\"es\",\"@id\":\"https:\/\/staging.en-nest.de\/es\/#\/schema\/logo\/image\/\",\"url\":\"https:\/\/staging.en-nest.de\/wp-content\/uploads\/orga-logo.jpg\",\"contentUrl\":\"https:\/\/staging.en-nest.de\/wp-content\/uploads\/orga-logo.jpg\",\"width\":696,\"height\":696,\"caption\":\"ENERGYNEST AS\"},\"image\":{\"@id\":\"https:\/\/staging.en-nest.de\/es\/#\/schema\/logo\/image\/\"},\"sameAs\":[\"https:\/\/x.com\/energy_nest\",\"https:\/\/www.linkedin.com\/company\/energynest\/?originalSubdomain=de\",\"https:\/\/www.youtube.com\/@energynest9669\"]}]}<\/script>\n<!-- \/ Yoast SEO Premium plugin. -->","yoast_head_json":{"title":"C\u00f3digo de conducta\u00a0 - ENERGYNEST","description":"Este C\u00f3digo de Conducta est\u00e1 basado en los derechos humanos reconocidos internacionalmente y en los principios de sostenibilidad y negocios justos.","robots":{"index":"noindex","follow":"follow","max-snippet":"max-snippet:-1","max-image-preview":"max-image-preview:large","max-video-preview":"max-video-preview:-1"},"og_locale":"es_ES","og_type":"article","og_title":"C\u00f3digo de conducta\u00a0 - ENERGYNEST","og_description":"Este C\u00f3digo de Conducta est\u00e1 basado en los derechos humanos reconocidos internacionalmente y en los principios de sostenibilidad y negocios justos.","og_url":"https:\/\/staging.en-nest.de\/es\/codigo-de-conducta\/","og_site_name":"ENERGYNEST","article_modified_time":"2023-05-02T10:30:43+00:00","og_image":[{"width":400,"height":400,"url":"https:\/\/staging.en-nest.de\/wp-content\/uploads\/2022\/07\/social-media-energynest.jpg","type":"image\/jpeg"}],"twitter_card":"summary_large_image","twitter_description":"Este C\u00f3digo de Conducta est\u00e1 basado en los derechos humanos reconocidos internacionalmente y en los principios de sostenibilidad y negocios justos.","twitter_site":"@energy_nest","twitter_misc":{"Tiempo de lectura":"5 minutos"},"schema":{"@context":"https:\/\/schema.org","@graph":[{"@type":"WebPage","@id":"https:\/\/staging.en-nest.de\/es\/codigo-de-conducta\/","url":"https:\/\/staging.en-nest.de\/es\/codigo-de-conducta\/","name":"C\u00f3digo de conducta\u00a0 - ENERGYNEST","isPartOf":{"@id":"https:\/\/staging.en-nest.de\/es\/#website"},"datePublished":"2022-11-15T12:22:22+00:00","dateModified":"2023-05-02T10:30:43+00:00","description":"Este C\u00f3digo de Conducta est\u00e1 basado en los derechos humanos reconocidos internacionalmente y en los principios de sostenibilidad y negocios justos.","breadcrumb":{"@id":"https:\/\/staging.en-nest.de\/es\/codigo-de-conducta\/#breadcrumb"},"inLanguage":"es","potentialAction":[{"@type":"ReadAction","target":["https:\/\/staging.en-nest.de\/es\/codigo-de-conducta\/"]}]},{"@type":"BreadcrumbList","@id":"https:\/\/staging.en-nest.de\/es\/codigo-de-conducta\/#breadcrumb","itemListElement":[{"@type":"ListItem","position":1,"name":"Home","item":"https:\/\/staging.en-nest.de\/es\/"},{"@type":"ListItem","position":2,"name":"C\u00f3digo de conducta\u00a0"}]},{"@type":"WebSite","@id":"https:\/\/staging.en-nest.de\/es\/#website","url":"https:\/\/staging.en-nest.de\/es\/","name":"ENERGYNEST","description":"Decarbonize industrial heat with thermal storage","publisher":{"@id":"https:\/\/staging.en-nest.de\/es\/#organization"},"potentialAction":[{"@type":"SearchAction","target":{"@type":"EntryPoint","urlTemplate":"https:\/\/staging.en-nest.de\/es\/?s={search_term_string}"},"query-input":{"@type":"PropertyValueSpecification","valueRequired":true,"valueName":"search_term_string"}}],"inLanguage":"es"},{"@type":"Organization","@id":"https:\/\/staging.en-nest.de\/es\/#organization","name":"ENERGYNEST AS","alternateName":"ENERGYNEST","url":"https:\/\/staging.en-nest.de\/es\/","logo":{"@type":"ImageObject","inLanguage":"es","@id":"https:\/\/staging.en-nest.de\/es\/#\/schema\/logo\/image\/","url":"https:\/\/staging.en-nest.de\/wp-content\/uploads\/orga-logo.jpg","contentUrl":"https:\/\/staging.en-nest.de\/wp-content\/uploads\/orga-logo.jpg","width":696,"height":696,"caption":"ENERGYNEST AS"},"image":{"@id":"https:\/\/staging.en-nest.de\/es\/#\/schema\/logo\/image\/"},"sameAs":["https:\/\/x.com\/energy_nest","https:\/\/www.linkedin.com\/company\/energynest\/?originalSubdomain=de","https:\/\/www.youtube.com\/@energynest9669"]}]}},"_links":{"self":[{"href":"https:\/\/staging.en-nest.de\/es\/wp-json\/wp\/v2\/pages\/261618","targetHints":{"allow":["GET"]}}],"collection":[{"href":"https:\/\/staging.en-nest.de\/es\/wp-json\/wp\/v2\/pages"}],"about":[{"href":"https:\/\/staging.en-nest.de\/es\/wp-json\/wp\/v2\/types\/page"}],"author":[{"embeddable":true,"href":"https:\/\/staging.en-nest.de\/es\/wp-json\/wp\/v2\/users\/1"}],"replies":[{"embeddable":true,"href":"https:\/\/staging.en-nest.de\/es\/wp-json\/wp\/v2\/comments?post=261618"}],"version-history":[{"count":0,"href":"https:\/\/staging.en-nest.de\/es\/wp-json\/wp\/v2\/pages\/261618\/revisions"}],"wp:attachment":[{"href":"https:\/\/staging.en-nest.de\/es\/wp-json\/wp\/v2\/media?parent=261618"}],"curies":[{"name":"wp","href":"https:\/\/api.w.org\/{rel}","templated":true}]}}