{"id":261614,"date":"2022-07-31T13:13:25","date_gmt":"2022-07-31T11:13:25","guid":{"rendered":"https:\/\/staging.en-nest.de\/politica-de-cookies\/"},"modified":"2023-05-05T15:45:30","modified_gmt":"2023-05-05T13:45:30","slug":"politica-de-cookies","status":"publish","type":"page","link":"https:\/\/staging.en-nest.de\/es\/politica-de-cookies\/","title":{"rendered":"Pol\u00edtica de cookies"},"content":{"rendered":"\t\t<div data-elementor-type=\"wp-page\" data-elementor-id=\"261614\" class=\"elementor elementor-261614 elementor-28187\" data-elementor-post-type=\"page\">\n\t\t\t\t\t\t<section class=\"elementor-section elementor-top-section elementor-element elementor-element-dbefb2b elementor-section-full_width headlinebox_fullwidth elementor-section-height-default elementor-section-height-default\" data-id=\"dbefb2b\" data-element_type=\"section\">\n\t\t\t\t\t\t<div class=\"elementor-container elementor-column-gap-no\">\n\t\t\t\t\t<div class=\"elementor-column elementor-col-100 elementor-top-column elementor-element elementor-element-28f60cb\" data-id=\"28f60cb\" data-element_type=\"column\">\n\t\t\t<div class=\"elementor-widget-wrap elementor-element-populated\">\n\t\t\t\t\t\t<div class=\"elementor-element elementor-element-f168e66 elementor-widget-divider--view-line elementor-widget elementor-widget-divider\" data-id=\"f168e66\" data-element_type=\"widget\" data-widget_type=\"divider.default\">\n\t\t\t\t<div class=\"elementor-widget-container\">\n\t\t\t\t\t<div class=\"elementor-divider\">\n\t\t\t<span class=\"elementor-divider-separator\">\n\t\t\t\t\t\t<\/span>\n\t\t<\/div>\n\t\t\t\t<\/div>\n\t\t\t\t<\/div>\n\t\t\t\t<div class=\"elementor-element elementor-element-6fe5631 elementor-widget elementor-widget-spacer\" data-id=\"6fe5631\" data-element_type=\"widget\" data-widget_type=\"spacer.default\">\n\t\t\t\t<div class=\"elementor-widget-container\">\n\t\t\t\t\t<div class=\"elementor-spacer\">\n\t\t\t<div class=\"elementor-spacer-inner\"><\/div>\n\t\t<\/div>\n\t\t\t\t<\/div>\n\t\t\t\t<\/div>\n\t\t\t\t<div class=\"elementor-element elementor-element-b6b332b elementor-widget elementor-widget-heading\" data-id=\"b6b332b\" data-element_type=\"widget\" data-widget_type=\"heading.default\">\n\t\t\t\t<div class=\"elementor-widget-container\">\n\t\t\t<h1 class=\"elementor-heading-title elementor-size-default\">Pol\u00edtica de cookies<\/h1>\t\t<\/div>\n\t\t\t\t<\/div>\n\t\t\t\t<div class=\"elementor-element elementor-element-da7be5b elementor-widget-laptop__width-inherit elementor-widget elementor-widget-spacer\" data-id=\"da7be5b\" data-element_type=\"widget\" data-widget_type=\"spacer.default\">\n\t\t\t\t<div class=\"elementor-widget-container\">\n\t\t\t\t\t<div class=\"elementor-spacer\">\n\t\t\t<div class=\"elementor-spacer-inner\"><\/div>\n\t\t<\/div>\n\t\t\t\t<\/div>\n\t\t\t\t<\/div>\n\t\t\t\t<div class=\"elementor-element elementor-element-8931c0e elementor-widget-divider--view-line elementor-widget elementor-widget-divider\" data-id=\"8931c0e\" data-element_type=\"widget\" data-widget_type=\"divider.default\">\n\t\t\t\t<div class=\"elementor-widget-container\">\n\t\t\t\t\t<div class=\"elementor-divider\">\n\t\t\t<span class=\"elementor-divider-separator\">\n\t\t\t\t\t\t<\/span>\n\t\t<\/div>\n\t\t\t\t<\/div>\n\t\t\t\t<\/div>\n\t\t\t\t\t<\/div>\n\t\t<\/div>\n\t\t\t\t\t<\/div>\n\t\t<\/section>\n\t\t\t\t<section class=\"elementor-section elementor-top-section elementor-element elementor-element-4f314fa elementor-section-boxed elementor-section-height-default elementor-section-height-default\" data-id=\"4f314fa\" data-element_type=\"section\">\n\t\t\t\t\t\t<div class=\"elementor-container elementor-column-gap-default\">\n\t\t\t\t\t<div class=\"elementor-column elementor-col-100 elementor-top-column elementor-element elementor-element-c6d79b5\" data-id=\"c6d79b5\" data-element_type=\"column\">\n\t\t\t<div class=\"elementor-widget-wrap elementor-element-populated\">\n\t\t\t\t\t\t<div class=\"elementor-element elementor-element-02009bd elementor-widget elementor-widget-text-editor\" data-id=\"02009bd\" data-element_type=\"widget\" data-widget_type=\"text-editor.default\">\n\t\t\t\t<div class=\"elementor-widget-container\">\n\t\t\t\t\t\t\t<p>[cmplz-document type=\u00bbcookie-statement\u00bb region=\u00bbeu\u00bb]<\/p>\n\t\t\t\t\t\t<\/div>\n\t\t\t\t<\/div>\n\t\t\t\t\t<\/div>\n\t\t<\/div>\n\t\t\t\t\t<\/div>\n\t\t<\/section>\n\t\t\t\t<section class=\"elementor-section elementor-top-section elementor-element elementor-element-d77dda2 elementor-section-boxed elementor-section-height-default elementor-section-height-default\" data-id=\"d77dda2\" data-element_type=\"section\" data-settings=\"{&quot;background_background&quot;:&quot;classic&quot;}\">\n\t\t\t\t\t\t<div class=\"elementor-container elementor-column-gap-default\">\n\t\t\t\t\t<div class=\"elementor-column elementor-col-100 elementor-top-column elementor-element elementor-element-1a36287\" data-id=\"1a36287\" data-element_type=\"column\">\n\t\t\t<div class=\"elementor-widget-wrap elementor-element-populated\">\n\t\t\t\t\t\t<div class=\"elementor-element elementor-element-51a3620 elementor-widget elementor-widget-heading\" data-id=\"51a3620\" data-element_type=\"widget\" data-widget_type=\"heading.default\">\n\t\t\t\t<div class=\"elementor-widget-container\">\n\t\t\t<p class=\"elementor-heading-title elementor-size-default\">Otra informaci\u00f3n legal<\/p>\t\t<\/div>\n\t\t\t\t<\/div>\n\t\t\t\t<div class=\"elementor-element elementor-element-fd406cb elementor-widget elementor-widget-spacer\" data-id=\"fd406cb\" data-element_type=\"widget\" data-widget_type=\"spacer.default\">\n\t\t\t\t<div class=\"elementor-widget-container\">\n\t\t\t\t\t<div class=\"elementor-spacer\">\n\t\t\t<div class=\"elementor-spacer-inner\"><\/div>\n\t\t<\/div>\n\t\t\t\t<\/div>\n\t\t\t\t<\/div>\n\t\t\t\t\t<\/div>\n\t\t<\/div>\n\t\t\t\t\t<\/div>\n\t\t<\/section>\n\t\t\t\t<section class=\"elementor-section elementor-top-section elementor-element elementor-element-2390af8d elementor-section-full_width elementor-section-height-default elementor-section-height-default\" data-id=\"2390af8d\" data-element_type=\"section\" data-settings=\"{&quot;background_background&quot;:&quot;classic&quot;}\">\n\t\t\t\t\t\t<div class=\"elementor-container elementor-column-gap-no\">\n\t\t\t\t\t<div class=\"elementor-column elementor-col-100 elementor-top-column elementor-element elementor-element-6e1b36fe\" data-id=\"6e1b36fe\" data-element_type=\"column\">\n\t\t\t<div class=\"elementor-widget-wrap elementor-element-populated\">\n\t\t\t\t\t\t<section class=\"elementor-section elementor-inner-section elementor-element elementor-element-1541e8b3 elementor-section-height-min-height elementor-section-boxed elementor-section-height-default\" data-id=\"1541e8b3\" data-element_type=\"section\">\n\t\t\t\t\t\t<div class=\"elementor-container elementor-column-gap-no\">\n\t\t\t\t\t<div class=\"elementor-column elementor-col-33 elementor-inner-column elementor-element elementor-element-7cc74a69 hovercolor\" data-id=\"7cc74a69\" data-element_type=\"column\" data-settings=\"{&quot;background_background&quot;:&quot;classic&quot;}\">\n\t\t\t<div class=\"elementor-widget-wrap elementor-element-populated\">\n\t\t\t\t\t\t<div class=\"elementor-element elementor-element-31501618 elementor-widget elementor-widget-heading\" data-id=\"31501618\" data-element_type=\"widget\" data-widget_type=\"heading.default\">\n\t\t\t\t<div class=\"elementor-widget-container\">\n\t\t\t<p class=\"elementor-heading-title elementor-size-default\"><a href=\"http:\/\/es\/terminos-y-condiciones\/\">T\u00e9rminos y condiciones<\/a><\/p>\t\t<\/div>\n\t\t\t\t<\/div>\n\t\t\t\t<div class=\"elementor-element elementor-element-57605811 elementor-widget elementor-widget-text-editor\" data-id=\"57605811\" data-element_type=\"widget\" data-widget_type=\"text-editor.default\">\n\t\t\t\t<div class=\"elementor-widget-container\">\n\t\t\t\t\t\t\t<p>Obtenga m\u00e1s informaci\u00f3n sobre nuestros t\u00e9rminos y condiciones de uso.<\/p>\n\t\t\t\t\t\t<\/div>\n\t\t\t\t<\/div>\n\t\t\t\t<div class=\"elementor-element elementor-element-7268aa01 simpleimg elementor-widget-divider--view-line elementor-widget elementor-widget-divider\" data-id=\"7268aa01\" data-element_type=\"widget\" data-widget_type=\"divider.default\">\n\t\t\t\t<div class=\"elementor-widget-container\">\n\t\t\t\t\t<div class=\"elementor-divider\">\n\t\t\t<span class=\"elementor-divider-separator\">\n\t\t\t\t\t\t<\/span>\n\t\t<\/div>\n\t\t\t\t<\/div>\n\t\t\t\t<\/div>\n\t\t\t\t<div class=\"elementor-element elementor-element-4e4180c4 hoverimg elementor-widget-divider--view-line elementor-widget elementor-widget-divider\" data-id=\"4e4180c4\" data-element_type=\"widget\" data-widget_type=\"divider.default\">\n\t\t\t\t<div class=\"elementor-widget-container\">\n\t\t\t\t\t<div class=\"elementor-divider\">\n\t\t\t<span class=\"elementor-divider-separator\">\n\t\t\t\t\t\t<\/span>\n\t\t<\/div>\n\t\t\t\t<\/div>\n\t\t\t\t<\/div>\n\t\t\t\t<div class=\"elementor-element elementor-element-47a705d8 elementor-widget elementor-widget-text-editor\" data-id=\"47a705d8\" data-element_type=\"widget\" data-widget_type=\"text-editor.default\">\n\t\t\t\t<div class=\"elementor-widget-container\">\n\t\t\t\t\t\t\t<div class=\"postFooter\"><div class=\"postCTA\"><a href=\"https:\/\/staging.en-nest.de\/es\/terminos-y-condiciones\/\"><span style=\"vertical-align: inherit;\">M\u00e1s informaci\u00f3n<\/span><\/a><span style=\"vertical-align: inherit;\"><br \/><\/span><\/div><div class=\"postIcon\"><a href=\"https:\/\/staging.en-nest.de\/terms-conditions\/\"><noscript><img decoding=\"async\" class=\"hoverimg\" data-skip-lazy src=\"https:\/\/staging.en-nest.de\/wp-content\/uploads\/2022\/05\/Go-Hover.png\" \/><\/noscript><img decoding=\"async\" class=\"hoverimg vp-lazyload\" src=\"data:image\/svg+xml;base64,PHN2ZyB3aWR0aD0iMzQiIGhlaWdodD0iMzQiIHZpZXdCb3g9IjAgMCAzNCAzNCIgZmlsbD0ibm9uZSIgeG1sbnM9Imh0dHA6Ly93d3cudzMub3JnLzIwMDAvc3ZnIj48L3N2Zz4=\" data-src=\"https:\/\/staging.en-nest.de\/wp-content\/uploads\/2022\/05\/Go-Hover.png\" data-sizes=\"auto\" loading=\"eager\"> <\/a><a href=\"https:\/\/staging.en-nest.de\/es\/terminos-y-condiciones\/\"><noscript><img decoding=\"async\" class=\"simpleimg alignnone\" data-skip-lazy src=\"https:\/\/staging.en-nest.de\/wp-content\/uploads\/2022\/05\/Go-Default.png\" alt=\"\" width=\"34\" height=\"34\" \/><\/noscript><img decoding=\"async\" class=\"simpleimg alignnone vp-lazyload\" src=\"data:image\/svg+xml;base64,PHN2ZyB3aWR0aD0iMzQiIGhlaWdodD0iMzQiIHZpZXdCb3g9IjAgMCAzNCAzNCIgZmlsbD0ibm9uZSIgeG1sbnM9Imh0dHA6Ly93d3cudzMub3JnLzIwMDAvc3ZnIj48L3N2Zz4=\" alt width=\"34\" height=\"34\" data-src=\"https:\/\/staging.en-nest.de\/wp-content\/uploads\/2022\/05\/Go-Default.png\" data-sizes=\"auto\" loading=\"eager\"><\/a><\/div><\/div>\t\t\t\t\t\t<\/div>\n\t\t\t\t<\/div>\n\t\t\t\t\t<\/div>\n\t\t<\/div>\n\t\t\t\t<div class=\"elementor-column elementor-col-33 elementor-inner-column elementor-element elementor-element-71da30a5\" data-id=\"71da30a5\" data-element_type=\"column\">\n\t\t\t<div class=\"elementor-widget-wrap\">\n\t\t\t\t\t\t\t<\/div>\n\t\t<\/div>\n\t\t\t\t<div class=\"elementor-column elementor-col-33 elementor-inner-column elementor-element elementor-element-356ec370 hovercolor\" data-id=\"356ec370\" data-element_type=\"column\" data-settings=\"{&quot;background_background&quot;:&quot;classic&quot;}\">\n\t\t\t<div class=\"elementor-widget-wrap elementor-element-populated\">\n\t\t\t\t\t\t<div class=\"elementor-element elementor-element-f5f449a elementor-widget elementor-widget-heading\" data-id=\"f5f449a\" data-element_type=\"widget\" data-widget_type=\"heading.default\">\n\t\t\t\t<div class=\"elementor-widget-container\">\n\t\t\t<p class=\"elementor-heading-title elementor-size-default\"><a href=\"http:\/\/es\/aviso-legal\/\">Aviso Legal<\/a><\/p>\t\t<\/div>\n\t\t\t\t<\/div>\n\t\t\t\t<div class=\"elementor-element elementor-element-5a265110 elementor-widget elementor-widget-text-editor\" data-id=\"5a265110\" data-element_type=\"widget\" data-widget_type=\"text-editor.default\">\n\t\t\t\t<div class=\"elementor-widget-container\">\n\t\t\t\t\t\t\t<p>Obtenga m\u00e1s informaci\u00f3n sobre nuestro aviso legal.<\/p>\n\t\t\t\t\t\t<\/div>\n\t\t\t\t<\/div>\n\t\t\t\t<div class=\"elementor-element elementor-element-209b9372 simpleimg elementor-widget-divider--view-line elementor-widget elementor-widget-divider\" data-id=\"209b9372\" data-element_type=\"widget\" data-widget_type=\"divider.default\">\n\t\t\t\t<div class=\"elementor-widget-container\">\n\t\t\t\t\t<div class=\"elementor-divider\">\n\t\t\t<span class=\"elementor-divider-separator\">\n\t\t\t\t\t\t<\/span>\n\t\t<\/div>\n\t\t\t\t<\/div>\n\t\t\t\t<\/div>\n\t\t\t\t<div class=\"elementor-element elementor-element-45361b39 hoverimg elementor-widget-divider--view-line elementor-widget elementor-widget-divider\" data-id=\"45361b39\" data-element_type=\"widget\" data-widget_type=\"divider.default\">\n\t\t\t\t<div class=\"elementor-widget-container\">\n\t\t\t\t\t<div class=\"elementor-divider\">\n\t\t\t<span class=\"elementor-divider-separator\">\n\t\t\t\t\t\t<\/span>\n\t\t<\/div>\n\t\t\t\t<\/div>\n\t\t\t\t<\/div>\n\t\t\t\t<div class=\"elementor-element elementor-element-21c5841a elementor-widget elementor-widget-text-editor\" data-id=\"21c5841a\" data-element_type=\"widget\" data-widget_type=\"text-editor.default\">\n\t\t\t\t<div class=\"elementor-widget-container\">\n\t\t\t\t\t\t\t<div class=\"postFooter\"><div class=\"postCTA\"><a href=\"https:\/\/staging.en-nest.de\/es\/aviso-legal\/\"><span style=\"vertical-align: inherit;\">M\u00e1s informaci\u00f3n<\/span><\/a><span style=\"vertical-align: inherit;\"><br \/><\/span><\/div><div class=\"postIcon\"><a href=\"#\"><noscript><img decoding=\"async\" class=\"hoverimg\" data-skip-lazy src=\"https:\/\/staging.en-nest.de\/wp-content\/uploads\/2022\/05\/Go-Hover.png\" \/><\/noscript><img decoding=\"async\" class=\"hoverimg vp-lazyload\" src=\"data:image\/svg+xml;base64,PHN2ZyB3aWR0aD0iMzQiIGhlaWdodD0iMzQiIHZpZXdCb3g9IjAgMCAzNCAzNCIgZmlsbD0ibm9uZSIgeG1sbnM9Imh0dHA6Ly93d3cudzMub3JnLzIwMDAvc3ZnIj48L3N2Zz4=\" data-src=\"https:\/\/staging.en-nest.de\/wp-content\/uploads\/2022\/05\/Go-Hover.png\" data-sizes=\"auto\" loading=\"eager\"> <\/a><a href=\"https:\/\/staging.en-nest.de\/es\/aviso-legal\/\"><noscript><img decoding=\"async\" class=\"simpleimg alignnone\" data-skip-lazy src=\"https:\/\/staging.en-nest.de\/wp-content\/uploads\/2022\/05\/Go-Default.png\" alt=\"\" width=\"34\" height=\"34\" \/><\/noscript><img decoding=\"async\" class=\"simpleimg alignnone vp-lazyload\" src=\"data:image\/svg+xml;base64,PHN2ZyB3aWR0aD0iMzQiIGhlaWdodD0iMzQiIHZpZXdCb3g9IjAgMCAzNCAzNCIgZmlsbD0ibm9uZSIgeG1sbnM9Imh0dHA6Ly93d3cudzMub3JnLzIwMDAvc3ZnIj48L3N2Zz4=\" alt width=\"34\" height=\"34\" data-src=\"https:\/\/staging.en-nest.de\/wp-content\/uploads\/2022\/05\/Go-Default.png\" data-sizes=\"auto\" loading=\"eager\"><\/a><\/div><\/div>\t\t\t\t\t\t<\/div>\n\t\t\t\t<\/div>\n\t\t\t\t\t<\/div>\n\t\t<\/div>\n\t\t\t\t\t<\/div>\n\t\t<\/section>\n\t\t\t\t<div class=\"elementor-element elementor-element-1c9a87f7 elementor-widget elementor-widget-spacer\" data-id=\"1c9a87f7\" data-element_type=\"widget\" data-widget_type=\"spacer.default\">\n\t\t\t\t<div class=\"elementor-widget-container\">\n\t\t\t\t\t<div class=\"elementor-spacer\">\n\t\t\t<div class=\"elementor-spacer-inner\"><\/div>\n\t\t<\/div>\n\t\t\t\t<\/div>\n\t\t\t\t<\/div>\n\t\t\t\t\t<\/div>\n\t\t<\/div>\n\t\t\t\t\t<\/div>\n\t\t<\/section>\n\t\t\t\t<\/div>\n\t\t","protected":false},"excerpt":{"rendered":"<p>Pol\u00edtica de cookies [cmplz-document type=\u00bbcookie-statement\u00bb region=\u00bbeu\u00bb] Otra informaci\u00f3n legal T\u00e9rminos y condiciones Obtenga m\u00e1s informaci\u00f3n sobre nuestros t\u00e9rminos y condiciones de uso. M\u00e1s informaci\u00f3n Aviso Legal Obtenga m\u00e1s informaci\u00f3n sobre nuestro aviso legal. M\u00e1s informaci\u00f3n<\/p>\n","protected":false},"author":1,"featured_media":219642,"parent":0,"menu_order":0,"comment_status":"closed","ping_status":"closed","template":"","meta":{"_acf_changed":false,"_vp_format_video_url":"","_vp_image_focal_point":[],"footnotes":""},"class_list":["post-261614","page","type-page","status-publish","has-post-thumbnail","hentry"],"acf":[],"yoast_head":"<!-- This site is optimized with the Yoast SEO Premium plugin v22.4 (Yoast SEO v25.9) - https:\/\/yoast.com\/wordpress\/plugins\/seo\/ -->\n<title>Pol\u00edtica de cookies - ENERGYNEST<\/title>\n<meta name=\"description\" content=\"ENERGYNEST quiere ofrecerle un sitio web f\u00e1cil de usar con contenido relevante. Utilizamos tecnolog\u00edas que pueden recopilar informaci\u00f3n sobre usted.\" \/>\n<meta name=\"robots\" content=\"noindex, follow, max-snippet:-1, max-image-preview:large, max-video-preview:-1\" \/>\n<meta property=\"og:locale\" content=\"es_ES\" \/>\n<meta property=\"og:type\" content=\"article\" \/>\n<meta property=\"og:title\" content=\"Pol\u00edtica de cookies - ENERGYNEST\" \/>\n<meta property=\"og:description\" content=\"ENERGYNEST quiere ofrecerle un sitio web f\u00e1cil de usar con contenido relevante. Utilizamos tecnolog\u00edas que pueden recopilar informaci\u00f3n sobre usted.\" \/>\n<meta property=\"og:url\" content=\"https:\/\/staging.en-nest.de\/es\/politica-de-cookies\/\" \/>\n<meta property=\"og:site_name\" content=\"ENERGYNEST\" \/>\n<meta property=\"article:modified_time\" content=\"2023-05-05T13:45:30+00:00\" \/>\n<meta property=\"og:image\" content=\"https:\/\/staging.en-nest.de\/wp-content\/uploads\/2022\/07\/webseite-energynest-300x300.jpg\" \/>\n<meta name=\"twitter:card\" content=\"summary_large_image\" \/>\n<meta name=\"twitter:description\" content=\"ENERGYNEST quiere ofrecerle un sitio web f\u00e1cil de usar con contenido relevante. Utilizamos tecnolog\u00edas que pueden recopilar informaci\u00f3n sobre usted.\" \/>\n<meta name=\"twitter:image\" content=\"https:\/\/staging.en-nest.de\/wp-content\/uploads\/2022\/07\/webseite-energynest-1024x1024.jpg\" \/>\n<meta name=\"twitter:site\" content=\"@energy_nest\" \/>\n<meta name=\"twitter:label1\" content=\"Tiempo de lectura\" \/>\n\t<meta name=\"twitter:data1\" content=\"12 minutos\" \/>\n<script type=\"application\/ld+json\" class=\"yoast-schema-graph\">{\"@context\":\"https:\/\/schema.org\",\"@graph\":[{\"@type\":\"WebPage\",\"@id\":\"https:\/\/staging.en-nest.de\/es\/politica-de-cookies\/\",\"url\":\"https:\/\/staging.en-nest.de\/es\/politica-de-cookies\/\",\"name\":\"Pol\u00edtica de cookies - ENERGYNEST\",\"isPartOf\":{\"@id\":\"https:\/\/staging.en-nest.de\/es\/#website\"},\"primaryImageOfPage\":{\"@id\":\"https:\/\/staging.en-nest.de\/es\/politica-de-cookies\/#primaryimage\"},\"image\":{\"@id\":\"https:\/\/staging.en-nest.de\/es\/politica-de-cookies\/#primaryimage\"},\"thumbnailUrl\":\"https:\/\/staging.en-nest.de\/wp-content\/uploads\/2022\/07\/webseite-energynest-scaled.jpg\",\"datePublished\":\"2022-07-31T11:13:25+00:00\",\"dateModified\":\"2023-05-05T13:45:30+00:00\",\"description\":\"ENERGYNEST quiere ofrecerle un sitio web f\u00e1cil de usar con contenido relevante. Utilizamos tecnolog\u00edas que pueden recopilar informaci\u00f3n sobre usted.\",\"breadcrumb\":{\"@id\":\"https:\/\/staging.en-nest.de\/es\/politica-de-cookies\/#breadcrumb\"},\"inLanguage\":\"es\",\"potentialAction\":[{\"@type\":\"ReadAction\",\"target\":[\"https:\/\/staging.en-nest.de\/es\/politica-de-cookies\/\"]}]},{\"@type\":\"ImageObject\",\"inLanguage\":\"es\",\"@id\":\"https:\/\/staging.en-nest.de\/es\/politica-de-cookies\/#primaryimage\",\"url\":\"https:\/\/staging.en-nest.de\/wp-content\/uploads\/2022\/07\/webseite-energynest-scaled.jpg\",\"contentUrl\":\"https:\/\/staging.en-nest.de\/wp-content\/uploads\/2022\/07\/webseite-energynest-scaled.jpg\",\"width\":2560,\"height\":2560},{\"@type\":\"BreadcrumbList\",\"@id\":\"https:\/\/staging.en-nest.de\/es\/politica-de-cookies\/#breadcrumb\",\"itemListElement\":[{\"@type\":\"ListItem\",\"position\":1,\"name\":\"Home\",\"item\":\"https:\/\/staging.en-nest.de\/es\/\"},{\"@type\":\"ListItem\",\"position\":2,\"name\":\"Pol\u00edtica de cookies\"}]},{\"@type\":\"WebSite\",\"@id\":\"https:\/\/staging.en-nest.de\/es\/#website\",\"url\":\"https:\/\/staging.en-nest.de\/es\/\",\"name\":\"ENERGYNEST\",\"description\":\"Decarbonize industrial heat with thermal storage\",\"publisher\":{\"@id\":\"https:\/\/staging.en-nest.de\/es\/#organization\"},\"potentialAction\":[{\"@type\":\"SearchAction\",\"target\":{\"@type\":\"EntryPoint\",\"urlTemplate\":\"https:\/\/staging.en-nest.de\/es\/?s={search_term_string}\"},\"query-input\":{\"@type\":\"PropertyValueSpecification\",\"valueRequired\":true,\"valueName\":\"search_term_string\"}}],\"inLanguage\":\"es\"},{\"@type\":\"Organization\",\"@id\":\"https:\/\/staging.en-nest.de\/es\/#organization\",\"name\":\"ENERGYNEST AS\",\"alternateName\":\"ENERGYNEST\",\"url\":\"https:\/\/staging.en-nest.de\/es\/\",\"logo\":{\"@type\":\"ImageObject\",\"inLanguage\":\"es\",\"@id\":\"https:\/\/staging.en-nest.de\/es\/#\/schema\/logo\/image\/\",\"url\":\"https:\/\/staging.en-nest.de\/wp-content\/uploads\/orga-logo.jpg\",\"contentUrl\":\"https:\/\/staging.en-nest.de\/wp-content\/uploads\/orga-logo.jpg\",\"width\":696,\"height\":696,\"caption\":\"ENERGYNEST AS\"},\"image\":{\"@id\":\"https:\/\/staging.en-nest.de\/es\/#\/schema\/logo\/image\/\"},\"sameAs\":[\"https:\/\/x.com\/energy_nest\",\"https:\/\/www.linkedin.com\/company\/energynest\/?originalSubdomain=de\",\"https:\/\/www.youtube.com\/@energynest9669\"]}]}<\/script>\n<!-- \/ Yoast SEO Premium plugin. -->","yoast_head_json":{"title":"Pol\u00edtica de cookies - ENERGYNEST","description":"ENERGYNEST quiere ofrecerle un sitio web f\u00e1cil de usar con contenido relevante. Utilizamos tecnolog\u00edas que pueden recopilar informaci\u00f3n sobre usted.","robots":{"index":"noindex","follow":"follow","max-snippet":"max-snippet:-1","max-image-preview":"max-image-preview:large","max-video-preview":"max-video-preview:-1"},"og_locale":"es_ES","og_type":"article","og_title":"Pol\u00edtica de cookies - ENERGYNEST","og_description":"ENERGYNEST quiere ofrecerle un sitio web f\u00e1cil de usar con contenido relevante. Utilizamos tecnolog\u00edas que pueden recopilar informaci\u00f3n sobre usted.","og_url":"https:\/\/staging.en-nest.de\/es\/politica-de-cookies\/","og_site_name":"ENERGYNEST","article_modified_time":"2023-05-05T13:45:30+00:00","og_image":[{"url":"https:\/\/staging.en-nest.de\/wp-content\/uploads\/2022\/07\/webseite-energynest-300x300.jpg","type":"","width":"","height":""}],"twitter_card":"summary_large_image","twitter_description":"ENERGYNEST quiere ofrecerle un sitio web f\u00e1cil de usar con contenido relevante. Utilizamos tecnolog\u00edas que pueden recopilar informaci\u00f3n sobre usted.","twitter_image":"https:\/\/staging.en-nest.de\/wp-content\/uploads\/2022\/07\/webseite-energynest-1024x1024.jpg","twitter_site":"@energy_nest","twitter_misc":{"Tiempo de lectura":"12 minutos"},"schema":{"@context":"https:\/\/schema.org","@graph":[{"@type":"WebPage","@id":"https:\/\/staging.en-nest.de\/es\/politica-de-cookies\/","url":"https:\/\/staging.en-nest.de\/es\/politica-de-cookies\/","name":"Pol\u00edtica de cookies - ENERGYNEST","isPartOf":{"@id":"https:\/\/staging.en-nest.de\/es\/#website"},"primaryImageOfPage":{"@id":"https:\/\/staging.en-nest.de\/es\/politica-de-cookies\/#primaryimage"},"image":{"@id":"https:\/\/staging.en-nest.de\/es\/politica-de-cookies\/#primaryimage"},"thumbnailUrl":"https:\/\/staging.en-nest.de\/wp-content\/uploads\/2022\/07\/webseite-energynest-scaled.jpg","datePublished":"2022-07-31T11:13:25+00:00","dateModified":"2023-05-05T13:45:30+00:00","description":"ENERGYNEST quiere ofrecerle un sitio web f\u00e1cil de usar con contenido relevante. Utilizamos tecnolog\u00edas que pueden recopilar informaci\u00f3n sobre usted.","breadcrumb":{"@id":"https:\/\/staging.en-nest.de\/es\/politica-de-cookies\/#breadcrumb"},"inLanguage":"es","potentialAction":[{"@type":"ReadAction","target":["https:\/\/staging.en-nest.de\/es\/politica-de-cookies\/"]}]},{"@type":"ImageObject","inLanguage":"es","@id":"https:\/\/staging.en-nest.de\/es\/politica-de-cookies\/#primaryimage","url":"https:\/\/staging.en-nest.de\/wp-content\/uploads\/2022\/07\/webseite-energynest-scaled.jpg","contentUrl":"https:\/\/staging.en-nest.de\/wp-content\/uploads\/2022\/07\/webseite-energynest-scaled.jpg","width":2560,"height":2560},{"@type":"BreadcrumbList","@id":"https:\/\/staging.en-nest.de\/es\/politica-de-cookies\/#breadcrumb","itemListElement":[{"@type":"ListItem","position":1,"name":"Home","item":"https:\/\/staging.en-nest.de\/es\/"},{"@type":"ListItem","position":2,"name":"Pol\u00edtica de cookies"}]},{"@type":"WebSite","@id":"https:\/\/staging.en-nest.de\/es\/#website","url":"https:\/\/staging.en-nest.de\/es\/","name":"ENERGYNEST","description":"Decarbonize industrial heat with thermal storage","publisher":{"@id":"https:\/\/staging.en-nest.de\/es\/#organization"},"potentialAction":[{"@type":"SearchAction","target":{"@type":"EntryPoint","urlTemplate":"https:\/\/staging.en-nest.de\/es\/?s={search_term_string}"},"query-input":{"@type":"PropertyValueSpecification","valueRequired":true,"valueName":"search_term_string"}}],"inLanguage":"es"},{"@type":"Organization","@id":"https:\/\/staging.en-nest.de\/es\/#organization","name":"ENERGYNEST AS","alternateName":"ENERGYNEST","url":"https:\/\/staging.en-nest.de\/es\/","logo":{"@type":"ImageObject","inLanguage":"es","@id":"https:\/\/staging.en-nest.de\/es\/#\/schema\/logo\/image\/","url":"https:\/\/staging.en-nest.de\/wp-content\/uploads\/orga-logo.jpg","contentUrl":"https:\/\/staging.en-nest.de\/wp-content\/uploads\/orga-logo.jpg","width":696,"height":696,"caption":"ENERGYNEST AS"},"image":{"@id":"https:\/\/staging.en-nest.de\/es\/#\/schema\/logo\/image\/"},"sameAs":["https:\/\/x.com\/energy_nest","https:\/\/www.linkedin.com\/company\/energynest\/?originalSubdomain=de","https:\/\/www.youtube.com\/@energynest9669"]}]}},"_links":{"self":[{"href":"https:\/\/staging.en-nest.de\/es\/wp-json\/wp\/v2\/pages\/261614","targetHints":{"allow":["GET"]}}],"collection":[{"href":"https:\/\/staging.en-nest.de\/es\/wp-json\/wp\/v2\/pages"}],"about":[{"href":"https:\/\/staging.en-nest.de\/es\/wp-json\/wp\/v2\/types\/page"}],"author":[{"embeddable":true,"href":"https:\/\/staging.en-nest.de\/es\/wp-json\/wp\/v2\/users\/1"}],"replies":[{"embeddable":true,"href":"https:\/\/staging.en-nest.de\/es\/wp-json\/wp\/v2\/comments?post=261614"}],"version-history":[{"count":0,"href":"https:\/\/staging.en-nest.de\/es\/wp-json\/wp\/v2\/pages\/261614\/revisions"}],"wp:featuredmedia":[{"embeddable":true,"href":"https:\/\/staging.en-nest.de\/es\/wp-json\/wp\/v2\/media\/219642"}],"wp:attachment":[{"href":"https:\/\/staging.en-nest.de\/es\/wp-json\/wp\/v2\/media?parent=261614"}],"curies":[{"name":"wp","href":"https:\/\/api.w.org\/{rel}","templated":true}]}}