{"id":102292,"date":"2022-11-15T13:22:22","date_gmt":"2022-11-15T12:22:22","guid":{"rendered":"https:\/\/staging.en-nest.de\/?page_id=102292"},"modified":"2023-03-29T12:33:36","modified_gmt":"2023-03-29T10:33:36","slug":"verhaltenskodex","status":"publish","type":"page","link":"https:\/\/staging.en-nest.de\/de\/verhaltenskodex\/","title":{"rendered":"Verhaltenskodex"},"content":{"rendered":"\t\t<div data-elementor-type=\"wp-page\" data-elementor-id=\"102292\" class=\"elementor elementor-102292 elementor-102196\" data-elementor-post-type=\"page\">\n\t\t\t\t\t\t<section class=\"elementor-section elementor-top-section elementor-element elementor-element-850e3ed elementor-section-full_width elementor-section-height-default elementor-section-height-default\" data-id=\"850e3ed\" data-element_type=\"section\">\n\t\t\t\t\t\t<div class=\"elementor-container elementor-column-gap-default\">\n\t\t\t\t\t<div class=\"elementor-column elementor-col-100 elementor-top-column elementor-element elementor-element-aec3168\" data-id=\"aec3168\" data-element_type=\"column\">\n\t\t\t<div class=\"elementor-widget-wrap elementor-element-populated\">\n\t\t\t\t\t\t<div class=\"elementor-element elementor-element-5c8afd5 elementor-widget elementor-widget-spacer\" data-id=\"5c8afd5\" data-element_type=\"widget\" data-widget_type=\"spacer.default\">\n\t\t\t\t<div class=\"elementor-widget-container\">\n\t\t\t\t\t<div class=\"elementor-spacer\">\n\t\t\t<div class=\"elementor-spacer-inner\"><\/div>\n\t\t<\/div>\n\t\t\t\t<\/div>\n\t\t\t\t<\/div>\n\t\t\t\t<div class=\"elementor-element elementor-element-4a394f2 elementor-widget elementor-widget-heading\" data-id=\"4a394f2\" data-element_type=\"widget\" data-settings=\"{&quot;motion_fx_motion_fx_mouse&quot;:&quot;yes&quot;,&quot;_animation&quot;:&quot;none&quot;}\" data-widget_type=\"heading.default\">\n\t\t\t\t<div class=\"elementor-widget-container\">\n\t\t\t<h1 class=\"elementor-heading-title elementor-size-default\">Verhaltenskodex<\/h1>\t\t<\/div>\n\t\t\t\t<\/div>\n\t\t\t\t<div class=\"elementor-element elementor-element-d6ecc68 elementor-widget elementor-widget-spacer\" data-id=\"d6ecc68\" data-element_type=\"widget\" data-widget_type=\"spacer.default\">\n\t\t\t\t<div class=\"elementor-widget-container\">\n\t\t\t\t\t<div class=\"elementor-spacer\">\n\t\t\t<div class=\"elementor-spacer-inner\"><\/div>\n\t\t<\/div>\n\t\t\t\t<\/div>\n\t\t\t\t<\/div>\n\t\t\t\t\t<\/div>\n\t\t<\/div>\n\t\t\t\t\t<\/div>\n\t\t<\/section>\n\t\t\t\t<section class=\"elementor-section elementor-top-section elementor-element elementor-element-eb793ec elementor-section-boxed elementor-section-height-default elementor-section-height-default\" data-id=\"eb793ec\" data-element_type=\"section\">\n\t\t\t\t\t\t<div class=\"elementor-container elementor-column-gap-default\">\n\t\t\t\t\t<div class=\"elementor-column elementor-col-100 elementor-top-column elementor-element elementor-element-e418bc5\" data-id=\"e418bc5\" data-element_type=\"column\">\n\t\t\t<div class=\"elementor-widget-wrap\">\n\t\t\t\t\t\t\t<\/div>\n\t\t<\/div>\n\t\t\t\t\t<\/div>\n\t\t<\/section>\n\t\t\t\t<section class=\"elementor-section elementor-top-section elementor-element elementor-element-13d0c12 elementor-section-boxed elementor-section-height-default elementor-section-height-default\" data-id=\"13d0c12\" data-element_type=\"section\">\n\t\t\t\t\t\t<div class=\"elementor-container elementor-column-gap-no\">\n\t\t\t\t\t<div class=\"elementor-column elementor-col-25 elementor-top-column elementor-element elementor-element-b904292\" data-id=\"b904292\" data-element_type=\"column\">\n\t\t\t<div class=\"elementor-widget-wrap\">\n\t\t\t\t\t\t\t<\/div>\n\t\t<\/div>\n\t\t\t\t<div class=\"elementor-column elementor-col-50 elementor-top-column elementor-element elementor-element-500c9ae\" data-id=\"500c9ae\" data-element_type=\"column\">\n\t\t\t<div class=\"elementor-widget-wrap elementor-element-populated\">\n\t\t\t\t\t\t<div class=\"elementor-element elementor-element-4128abe elementor-widget elementor-widget-text-editor\" data-id=\"4128abe\" data-element_type=\"widget\" data-widget_type=\"text-editor.default\">\n\t\t\t\t<div class=\"elementor-widget-container\">\n\t\t\t\t\t\t\t<p>Dieser Verhaltenskodex basiert auf den international anerkannten Menschenrechten sowie den Grunds\u00e4tzen des fairen Gesch\u00e4ftsverkehrs und der Nachhaltigkeit. Er definiert unsere \u00fcblichen Gesch\u00e4ftspraktiken und wir verlangen die Einhaltung dieser Praktiken von unseren Mitarbeitenden und F\u00fchrungskr\u00e4ften sowie von unseren Gesch\u00e4ftspartnern und Lieferanten.<a href=\"#ref1\"><sup>1<\/sup><\/a><\/p>\t\t\t\t\t\t<\/div>\n\t\t\t\t<\/div>\n\t\t\t\t<div class=\"elementor-element elementor-element-27f0b85 elementor-widget elementor-widget-spacer\" data-id=\"27f0b85\" data-element_type=\"widget\" data-widget_type=\"spacer.default\">\n\t\t\t\t<div class=\"elementor-widget-container\">\n\t\t\t\t\t<div class=\"elementor-spacer\">\n\t\t\t<div class=\"elementor-spacer-inner\"><\/div>\n\t\t<\/div>\n\t\t\t\t<\/div>\n\t\t\t\t<\/div>\n\t\t\t\t<div class=\"elementor-element elementor-element-13a28ab elementor-widget elementor-widget-text-editor\" data-id=\"13a28ab\" data-element_type=\"widget\" data-widget_type=\"text-editor.default\">\n\t\t\t\t<div class=\"elementor-widget-container\">\n\t\t\t\t\t\t\t<p>Daher werden wir neuen Gesch\u00e4ftspartnern und Lieferanten unseren Verhaltenskodex zur Verf\u00fcgung stellen, dessen Akzeptanz als Teil der Gesch\u00e4ftsbeziehung erforderlich sein wird. Genannte Gesch\u00e4ftspartner und Lieferanten m\u00fcssen unseren Verhaltenskodex auch ihren Hauptlieferanten im Rahmen unserer Projekte \u00fcbermitteln, und sollen uns benachrichtigen, falls sie einen Versto\u00df gegen unseren Verhaltenskodex feststellen, um eine verantwortungsvolle Umsetzung dieses Verhaltenskodex sicherzustellen.<\/p><p>\u00a0<\/p><p>Jegliches Fehlverhalten oder Verst\u00f6\u00dfe gegen die Grunds\u00e4tze dieses Verhaltenskodexes k\u00f6nnen anonym \u00fcber <a href=\"mailto:compliance@staging.en-nest.de\">compliance@staging.en-nest.de<\/a>. gemeldet werden. Dieser Kommunikationskanal kann ebenso zur R\u00fccksprache im Falle von Zweifeln \u00fcber m\u00f6gliche Verst\u00f6\u00dfe oder Nichteinhaltung genutzt werden.<\/p><p>\u00a0<\/p><p>Der Verhaltenskodex wird basierend auf Beitr\u00e4gen des F\u00fchrungsteams regelm\u00e4\u00dfig \u00fcberpr\u00fcft. Die Umsetzung dieses Verhaltenskodex wird von unserem Compliance-Beauftragten beobachtet und \u00fcberwacht. Schulungen zu diesem Verhaltenskodex sind Teil des Einf\u00fchrungsprozesses f\u00fcr alle neuen Mitarbeitenden. Regelm\u00e4\u00dfige Schulungen werden mindestens einmal pro Jahr angeboten.<\/p><p>\u00a0<\/p><p>Ebenso erwarten wir von unseren Gesch\u00e4ftspartnern, dass sie \u00fcber entsprechende Sorgfaltspr\u00fcfungsmechanismen verf\u00fcgen, um sicherzustellen, dass ihre Mitarbeitenden die Grunds\u00e4tze dieses Verhaltenskodexes einhalten.<\/p>\t\t\t\t\t\t<\/div>\n\t\t\t\t<\/div>\n\t\t\t\t<div class=\"elementor-element elementor-element-b5f31b2 elementor-widget elementor-widget-spacer\" data-id=\"b5f31b2\" data-element_type=\"widget\" data-widget_type=\"spacer.default\">\n\t\t\t\t<div class=\"elementor-widget-container\">\n\t\t\t\t\t<div class=\"elementor-spacer\">\n\t\t\t<div class=\"elementor-spacer-inner\"><\/div>\n\t\t<\/div>\n\t\t\t\t<\/div>\n\t\t\t\t<\/div>\n\t\t\t\t<div class=\"elementor-element elementor-element-3e34f30 elementor-widget elementor-widget-text-editor\" data-id=\"3e34f30\" data-element_type=\"widget\" data-widget_type=\"text-editor.default\">\n\t\t\t\t<div class=\"elementor-widget-container\">\n\t\t\t\t\t\t\t<h2><strong>1. 1. Menschenrechte<\/strong><\/h2><p>Generell sind die UN-Leitprinzipien f\u00fcr Wirtschaft und Menschenrechte zu beachten und zu befolgen.<\/p><h3>1.1 Kinderarbeit<\/h3><p>Wir stellen keine Personen unter 16 Jahren ein und achten darauf, dass die Arbeit der jungen Fachkr\u00e4fte nicht mit ihren schulischen Anforderungen kollidiert.<\/p><h3>1.2 Missbrauch und Bel\u00e4stigung<\/h3><p>Die Besch\u00e4ftigten sind am Arbeitsplatz respektvoll zu behandeln. Jegliche k\u00f6rperliche, sexuelle, verbale oder psychische Bel\u00e4stigung oder jede andere Art von Bel\u00e4stigung wird vom Arbeitgeber strengstens untersagt und disziplinarisch geahndet.<\/p><h3>1.3 Diskriminierung<\/h3><p>Wir f\u00f6rdern die Diversit\u00e4t innerhalb unserer Organisationen und gew\u00e4hren unseren Mitarbeitenden unabh\u00e4ngig von Herkunft, Geschlecht, Alter, Religion, sexueller Orientierung oder einem anderen Status gleiche Arbeitsbedingungen und Chancen.<\/p><h3>1.4 Arbeitsbedingungen<\/h3><p>Jegliche ungesetzliche Besch\u00e4ftigung ist strengstens untersagt. Wir halten uns an alle geltenden Gesetze, Regeln und Vorschriften in den verschiedenen L\u00e4ndern, in denen wir t\u00e4tig sind. Alle Mitarbeitenden erhalten einen schriftlichen Arbeitsvertrag, der ihre Arbeitsbedingungen regelt. Insbesondere wird ihnen eine angemessene Verg\u00fctung f\u00fcr ihre Arbeit sowie Ruhepausen gem\u00e4\u00df den Branchenstandards und Tarifvertr\u00e4gen gew\u00e4hrt.<\/p><h3>1.5 Sicherheit &amp; Gesundheit<\/h3><p>Dem Personal ist ein nach internationalen Standards sicherer und gesunder Arbeitsplatz zur Verf\u00fcgung zu stellen. Im Einzelnen sollten Arbeitende bei der Aus\u00fcbung ihrer T\u00e4tigkeit mit zertifizierter pers\u00f6nlicher Schutzausr\u00fcstung ausgestattet sein und Zugang zu regelm\u00e4\u00dfigen Schulungen zu relevanten Sicherheitsthemen wie Gefahrstoffen, Hei\u00dfarbeiten oder beengten R\u00e4umen haben. F\u00fcr den Fall eines Arbeitsunfalls oder einer Verletzung m\u00fcssen Meldeverfahren sowie entsprechende Pr\u00e4ventionspl\u00e4ne vorhanden sein, die die wichtigsten Gefahren und Risiken am Arbeitsplatz aufzeigen.<\/p><h2><strong>2. Faires Gesch\u00e4ft<\/strong><\/h2><h3>2.1 Bestechung and Korruption<\/h3><p>Wir halten uns an die h\u00f6chsten Standards der Gesch\u00e4ftsethik und vermeiden jegliche Form von Schmiergeldern oder Erleichterungszahlungen mit dem Ziel der Beeinflussung oder Erlangung unethischer Gesch\u00e4fte. Im Einzelnen m\u00fcssen alle gesch\u00e4ftlichen Vereinbarungen ordnungsgem\u00e4\u00df dokumentiert werden, ebenso wie die anwendbaren Geb\u00fchren, die in einem angemessenen Verh\u00e4ltnis zur Art der zu erbringenden Dienstleistungen stehen m\u00fcssen.<\/p><h3>2.2 Firmengeschenke<\/h3><p>Im Allgemeinen ziehen wir es vor, dass unsere Mitarbeitenden keine Bewirtung oder Geschenke von Gesch\u00e4ftspartnern erhalten. Der Wert solcher Geschenke muss in jedem Fall angemessen und den Umst\u00e4nden entsprechend sein, sodass kein Interessenkonflikt entsteht. Geschenke sind stets an die B\u00fcroadresse des Empf\u00e4ngers zu liefern.<\/p><h3>2.3 Freier Wettbewerb<\/h3><p>Wir f\u00f6rdern den freien Wettbewerb auf dem Markt, um die h\u00f6chsten Qualit\u00e4tsstandards bei den unseren Kunden angebotenen Dienstleistungen zu gew\u00e4hrleisten. In diesem Sinne sind wettbewerbswidrige Praktiken wie Preisabsprachen, Produktionsbeschr\u00e4nkungen oder die Einschr\u00e4nkung des Angebots von Waren oder Dienstleistungen strengstens untersagt.<\/p><h2><strong>3. Umwelt<\/strong><\/h2><p>Im Rahmen unserer Mission zur Dekarbonisierung der industriellen Aktivit\u00e4ten setzen wir uns daf\u00fcr ein, die Auswirkungen unserer Gesch\u00e4ftst\u00e4tigkeit auf die Umwelt zu reduzieren, insbesondere in Bezug auf Luftverschmutzung, Abfall und Wasserverunreinigung. Daher setzen wir innerhalb unserer Lieferketten Nachhaltigkeitsprinzipien um, um nat\u00fcrliche Ressourcen effizient zu nutzen und unseren CO<sub>2<\/sub>-Fu\u00dfabdruck zu minimieren.<\/p><p>\u00a0<\/p><p>Ebenso erwarten wir von unseren Gesch\u00e4ftspartnern, dass sie die Grunds\u00e4tze der Nachhaltigkeit in ihren Gesch\u00e4ftsbereichen umsetzen und \u00fcber Berichtsmechanismen verf\u00fcgen, die ihre Bem\u00fchungen zur Bek\u00e4mpfung des Klimawandels belegen.<\/p>\t\t\t\t\t\t<\/div>\n\t\t\t\t<\/div>\n\t\t\t\t<div class=\"elementor-element elementor-element-071e3b8 elementor-widget elementor-widget-spacer\" data-id=\"071e3b8\" data-element_type=\"widget\" data-widget_type=\"spacer.default\">\n\t\t\t\t<div class=\"elementor-widget-container\">\n\t\t\t\t\t<div class=\"elementor-spacer\">\n\t\t\t<div class=\"elementor-spacer-inner\"><\/div>\n\t\t<\/div>\n\t\t\t\t<\/div>\n\t\t\t\t<\/div>\n\t\t\t\t<div class=\"elementor-element elementor-element-7034fd8 elementor-widget elementor-widget-text-editor\" data-id=\"7034fd8\" data-element_type=\"widget\" data-widget_type=\"text-editor.default\">\n\t\t\t\t<div class=\"elementor-widget-container\">\n\t\t\t\t\t\t\t<div id=\"ref1\"><\/div>\n<sup>1<\/sup> Wir bekennen uns zu unserer besonderen Verantwortung daf\u00fcr, dass alle Mitarbeitenden von ENERGYNEST im Einklang mit den genannten Unternehmenswerten handeln. Daher gibt es neben diesem Verhaltenskodex eine Vielzahl von Richtlinien, die die Verantwortung der Mitarbeitenden von ENERGYNEST im Hinblick auf diese Unternehmenswerte n\u00e4her definieren.\t\t\t\t\t\t<\/div>\n\t\t\t\t<\/div>\n\t\t\t\t<div class=\"elementor-element elementor-element-f8e230f elementor-widget elementor-widget-spacer\" data-id=\"f8e230f\" data-element_type=\"widget\" data-widget_type=\"spacer.default\">\n\t\t\t\t<div class=\"elementor-widget-container\">\n\t\t\t\t\t<div class=\"elementor-spacer\">\n\t\t\t<div class=\"elementor-spacer-inner\"><\/div>\n\t\t<\/div>\n\t\t\t\t<\/div>\n\t\t\t\t<\/div>\n\t\t\t\t\t<\/div>\n\t\t<\/div>\n\t\t\t\t<div class=\"elementor-column elementor-col-25 elementor-top-column elementor-element elementor-element-02db17e\" data-id=\"02db17e\" data-element_type=\"column\">\n\t\t\t<div class=\"elementor-widget-wrap\">\n\t\t\t\t\t\t\t<\/div>\n\t\t<\/div>\n\t\t\t\t\t<\/div>\n\t\t<\/section>\n\t\t\t\t<section class=\"elementor-section elementor-top-section elementor-element elementor-element-0784ae6 elementor-section-boxed elementor-section-height-default elementor-section-height-default\" data-id=\"0784ae6\" data-element_type=\"section\">\n\t\t\t\t\t\t<div class=\"elementor-container elementor-column-gap-default\">\n\t\t\t\t\t<div class=\"elementor-column elementor-col-100 elementor-top-column elementor-element elementor-element-327ac7f\" data-id=\"327ac7f\" data-element_type=\"column\">\n\t\t\t<div class=\"elementor-widget-wrap\">\n\t\t\t\t\t\t\t<\/div>\n\t\t<\/div>\n\t\t\t\t\t<\/div>\n\t\t<\/section>\n\t\t\t\t<\/div>\n\t\t","protected":false},"excerpt":{"rendered":"<p>Verhaltenskodex Dieser Verhaltenskodex basiert auf den international anerkannten Menschenrechten sowie den Grunds\u00e4tzen des fairen Gesch\u00e4ftsverkehrs und der Nachhaltigkeit. Er definiert unsere \u00fcblichen Gesch\u00e4ftspraktiken und wir verlangen die Einhaltung dieser Praktiken von unseren Mitarbeitenden und F\u00fchrungskr\u00e4ften sowie von unseren Gesch\u00e4ftspartnern und Lieferanten.1 Daher werden wir neuen Gesch\u00e4ftspartnern und Lieferanten unseren Verhaltenskodex zur Verf\u00fcgung stellen, dessen Akzeptanz [&hellip;]<\/p>\n","protected":false},"author":1,"featured_media":0,"parent":0,"menu_order":0,"comment_status":"closed","ping_status":"closed","template":"","meta":{"_acf_changed":false,"_vp_format_video_url":"","_vp_image_focal_point":[],"footnotes":""},"class_list":["post-102292","page","type-page","status-publish","hentry"],"acf":[],"yoast_head":"<!-- This site is optimized with the Yoast SEO Premium plugin v22.4 (Yoast SEO v25.9) - https:\/\/yoast.com\/wordpress\/plugins\/seo\/ -->\n<title>Verhaltenskodex - ENERGYNEST<\/title>\n<meta name=\"description\" content=\"Dieser Verhaltenskodex basiert auf den international anerkannten Menschenrechten sowie den Grunds\u00e4tzen des fairen Gesch\u00e4ftsverkehrs und der Nachhaltigkeit.\" \/>\n<meta name=\"robots\" content=\"noindex, follow, max-snippet:-1, max-image-preview:large, max-video-preview:-1\" \/>\n<meta property=\"og:locale\" content=\"de_DE\" \/>\n<meta property=\"og:type\" content=\"article\" \/>\n<meta property=\"og:title\" content=\"Verhaltenskodex - ENERGYNEST\" \/>\n<meta property=\"og:description\" content=\"Dieser Verhaltenskodex basiert auf den international anerkannten Menschenrechten sowie den Grunds\u00e4tzen des fairen Gesch\u00e4ftsverkehrs und der Nachhaltigkeit.\" \/>\n<meta property=\"og:url\" content=\"https:\/\/staging.en-nest.de\/de\/verhaltenskodex\/\" \/>\n<meta property=\"og:site_name\" content=\"ENERGYNEST\" \/>\n<meta property=\"article:modified_time\" content=\"2023-03-29T10:33:36+00:00\" \/>\n<meta property=\"og:image\" content=\"https:\/\/staging.en-nest.de\/wp-content\/uploads\/2022\/07\/social-media-energynest.jpg\" \/>\n\t<meta property=\"og:image:width\" content=\"400\" \/>\n\t<meta property=\"og:image:height\" content=\"400\" \/>\n\t<meta property=\"og:image:type\" content=\"image\/jpeg\" \/>\n<meta name=\"twitter:card\" content=\"summary_large_image\" \/>\n<meta name=\"twitter:site\" content=\"@energy_nest\" \/>\n<meta name=\"twitter:label1\" content=\"Gesch\u00e4tzte Lesezeit\" \/>\n\t<meta name=\"twitter:data1\" content=\"4\u00a0Minuten\" \/>\n<script type=\"application\/ld+json\" class=\"yoast-schema-graph\">{\"@context\":\"https:\/\/schema.org\",\"@graph\":[{\"@type\":\"WebPage\",\"@id\":\"https:\/\/staging.en-nest.de\/de\/verhaltenskodex\/\",\"url\":\"https:\/\/staging.en-nest.de\/de\/verhaltenskodex\/\",\"name\":\"Verhaltenskodex - ENERGYNEST\",\"isPartOf\":{\"@id\":\"https:\/\/staging.en-nest.de\/de\/#website\"},\"datePublished\":\"2022-11-15T12:22:22+00:00\",\"dateModified\":\"2023-03-29T10:33:36+00:00\",\"description\":\"Dieser Verhaltenskodex basiert auf den international anerkannten Menschenrechten sowie den Grunds\u00e4tzen des fairen Gesch\u00e4ftsverkehrs und der Nachhaltigkeit.\",\"breadcrumb\":{\"@id\":\"https:\/\/staging.en-nest.de\/de\/verhaltenskodex\/#breadcrumb\"},\"inLanguage\":\"de\",\"potentialAction\":[{\"@type\":\"ReadAction\",\"target\":[\"https:\/\/staging.en-nest.de\/de\/verhaltenskodex\/\"]}]},{\"@type\":\"BreadcrumbList\",\"@id\":\"https:\/\/staging.en-nest.de\/de\/verhaltenskodex\/#breadcrumb\",\"itemListElement\":[{\"@type\":\"ListItem\",\"position\":1,\"name\":\"Home\",\"item\":\"https:\/\/staging.en-nest.de\/de\/\"},{\"@type\":\"ListItem\",\"position\":2,\"name\":\"Verhaltenskodex\"}]},{\"@type\":\"WebSite\",\"@id\":\"https:\/\/staging.en-nest.de\/de\/#website\",\"url\":\"https:\/\/staging.en-nest.de\/de\/\",\"name\":\"ENERGYNEST\",\"description\":\"Decarbonize industrial heat with thermal storage\",\"publisher\":{\"@id\":\"https:\/\/staging.en-nest.de\/de\/#organization\"},\"potentialAction\":[{\"@type\":\"SearchAction\",\"target\":{\"@type\":\"EntryPoint\",\"urlTemplate\":\"https:\/\/staging.en-nest.de\/de\/?s={search_term_string}\"},\"query-input\":{\"@type\":\"PropertyValueSpecification\",\"valueRequired\":true,\"valueName\":\"search_term_string\"}}],\"inLanguage\":\"de\"},{\"@type\":\"Organization\",\"@id\":\"https:\/\/staging.en-nest.de\/de\/#organization\",\"name\":\"ENERGYNEST AS\",\"alternateName\":\"ENERGYNEST\",\"url\":\"https:\/\/staging.en-nest.de\/de\/\",\"logo\":{\"@type\":\"ImageObject\",\"inLanguage\":\"de\",\"@id\":\"https:\/\/staging.en-nest.de\/de\/#\/schema\/logo\/image\/\",\"url\":\"https:\/\/staging.en-nest.de\/wp-content\/uploads\/orga-logo.jpg\",\"contentUrl\":\"https:\/\/staging.en-nest.de\/wp-content\/uploads\/orga-logo.jpg\",\"width\":696,\"height\":696,\"caption\":\"ENERGYNEST AS\"},\"image\":{\"@id\":\"https:\/\/staging.en-nest.de\/de\/#\/schema\/logo\/image\/\"},\"sameAs\":[\"https:\/\/x.com\/energy_nest\",\"https:\/\/www.linkedin.com\/company\/energynest\/?originalSubdomain=de\",\"https:\/\/www.youtube.com\/@energynest9669\"]}]}<\/script>\n<!-- \/ Yoast SEO Premium plugin. -->","yoast_head_json":{"title":"Verhaltenskodex - ENERGYNEST","description":"Dieser Verhaltenskodex basiert auf den international anerkannten Menschenrechten sowie den Grunds\u00e4tzen des fairen Gesch\u00e4ftsverkehrs und der Nachhaltigkeit.","robots":{"index":"noindex","follow":"follow","max-snippet":"max-snippet:-1","max-image-preview":"max-image-preview:large","max-video-preview":"max-video-preview:-1"},"og_locale":"de_DE","og_type":"article","og_title":"Verhaltenskodex - ENERGYNEST","og_description":"Dieser Verhaltenskodex basiert auf den international anerkannten Menschenrechten sowie den Grunds\u00e4tzen des fairen Gesch\u00e4ftsverkehrs und der Nachhaltigkeit.","og_url":"https:\/\/staging.en-nest.de\/de\/verhaltenskodex\/","og_site_name":"ENERGYNEST","article_modified_time":"2023-03-29T10:33:36+00:00","og_image":[{"width":400,"height":400,"url":"https:\/\/staging.en-nest.de\/wp-content\/uploads\/2022\/07\/social-media-energynest.jpg","type":"image\/jpeg"}],"twitter_card":"summary_large_image","twitter_site":"@energy_nest","twitter_misc":{"Gesch\u00e4tzte Lesezeit":"4\u00a0Minuten"},"schema":{"@context":"https:\/\/schema.org","@graph":[{"@type":"WebPage","@id":"https:\/\/staging.en-nest.de\/de\/verhaltenskodex\/","url":"https:\/\/staging.en-nest.de\/de\/verhaltenskodex\/","name":"Verhaltenskodex - ENERGYNEST","isPartOf":{"@id":"https:\/\/staging.en-nest.de\/de\/#website"},"datePublished":"2022-11-15T12:22:22+00:00","dateModified":"2023-03-29T10:33:36+00:00","description":"Dieser Verhaltenskodex basiert auf den international anerkannten Menschenrechten sowie den Grunds\u00e4tzen des fairen Gesch\u00e4ftsverkehrs und der Nachhaltigkeit.","breadcrumb":{"@id":"https:\/\/staging.en-nest.de\/de\/verhaltenskodex\/#breadcrumb"},"inLanguage":"de","potentialAction":[{"@type":"ReadAction","target":["https:\/\/staging.en-nest.de\/de\/verhaltenskodex\/"]}]},{"@type":"BreadcrumbList","@id":"https:\/\/staging.en-nest.de\/de\/verhaltenskodex\/#breadcrumb","itemListElement":[{"@type":"ListItem","position":1,"name":"Home","item":"https:\/\/staging.en-nest.de\/de\/"},{"@type":"ListItem","position":2,"name":"Verhaltenskodex"}]},{"@type":"WebSite","@id":"https:\/\/staging.en-nest.de\/de\/#website","url":"https:\/\/staging.en-nest.de\/de\/","name":"ENERGYNEST","description":"Decarbonize industrial heat with thermal storage","publisher":{"@id":"https:\/\/staging.en-nest.de\/de\/#organization"},"potentialAction":[{"@type":"SearchAction","target":{"@type":"EntryPoint","urlTemplate":"https:\/\/staging.en-nest.de\/de\/?s={search_term_string}"},"query-input":{"@type":"PropertyValueSpecification","valueRequired":true,"valueName":"search_term_string"}}],"inLanguage":"de"},{"@type":"Organization","@id":"https:\/\/staging.en-nest.de\/de\/#organization","name":"ENERGYNEST AS","alternateName":"ENERGYNEST","url":"https:\/\/staging.en-nest.de\/de\/","logo":{"@type":"ImageObject","inLanguage":"de","@id":"https:\/\/staging.en-nest.de\/de\/#\/schema\/logo\/image\/","url":"https:\/\/staging.en-nest.de\/wp-content\/uploads\/orga-logo.jpg","contentUrl":"https:\/\/staging.en-nest.de\/wp-content\/uploads\/orga-logo.jpg","width":696,"height":696,"caption":"ENERGYNEST AS"},"image":{"@id":"https:\/\/staging.en-nest.de\/de\/#\/schema\/logo\/image\/"},"sameAs":["https:\/\/x.com\/energy_nest","https:\/\/www.linkedin.com\/company\/energynest\/?originalSubdomain=de","https:\/\/www.youtube.com\/@energynest9669"]}]}},"_links":{"self":[{"href":"https:\/\/staging.en-nest.de\/de\/wp-json\/wp\/v2\/pages\/102292","targetHints":{"allow":["GET"]}}],"collection":[{"href":"https:\/\/staging.en-nest.de\/de\/wp-json\/wp\/v2\/pages"}],"about":[{"href":"https:\/\/staging.en-nest.de\/de\/wp-json\/wp\/v2\/types\/page"}],"author":[{"embeddable":true,"href":"https:\/\/staging.en-nest.de\/de\/wp-json\/wp\/v2\/users\/1"}],"replies":[{"embeddable":true,"href":"https:\/\/staging.en-nest.de\/de\/wp-json\/wp\/v2\/comments?post=102292"}],"version-history":[{"count":0,"href":"https:\/\/staging.en-nest.de\/de\/wp-json\/wp\/v2\/pages\/102292\/revisions"}],"wp:attachment":[{"href":"https:\/\/staging.en-nest.de\/de\/wp-json\/wp\/v2\/media?parent=102292"}],"curies":[{"name":"wp","href":"https:\/\/api.w.org\/{rel}","templated":true}]}}